{"id":230,"date":"2023-05-02T12:50:06","date_gmt":"2023-05-02T12:50:06","guid":{"rendered":"https:\/\/www.filmandvoice.com\/?page_id=230"},"modified":"2023-10-23T11:45:24","modified_gmt":"2023-10-23T11:45:24","slug":"impressum","status":"publish","type":"page","link":"https:\/\/www.filmandvoice.com\/en\/impressum","title":{"rendered":"Imprint"},"content":{"rendered":"<div data-elementor-type=\"wp-page\" data-elementor-id=\"230\" class=\"elementor elementor-230\" data-elementor-post-type=\"page\">\n\t\t\t\t\t\t\t\t\t<section class=\"elementor-section elementor-top-section elementor-element elementor-element-ce32740 elementor-section-boxed elementor-section-height-default elementor-section-height-default\" data-id=\"ce32740\" data-element_type=\"section\">\n\t\t\t\t\t\t<div class=\"elementor-container elementor-column-gap-default\">\n\t\t\t\t\t<div class=\"elementor-column elementor-col-100 elementor-top-column elementor-element elementor-element-a355132\" data-id=\"a355132\" data-element_type=\"column\">\n\t\t\t<div class=\"elementor-widget-wrap elementor-element-populated\">\n\t\t\t\t\t\t\t\t<div class=\"elementor-element elementor-element-a75d95c elementor-widget elementor-widget-text-editor\" data-id=\"a75d95c\" data-element_type=\"widget\" data-widget_type=\"text-editor.default\">\n\t\t\t\t<div class=\"elementor-widget-container\">\n\t\t\t<style>\/*! elementor - v3.16.0 - 09-10-2023 *\/\n.elementor-widget-text-editor.elementor-drop-cap-view-stacked .elementor-drop-cap{background-color:#69727d;color:#fff}.elementor-widget-text-editor.elementor-drop-cap-view-framed .elementor-drop-cap{color:#69727d;border:3px solid;background-color:transparent}.elementor-widget-text-editor:not(.elementor-drop-cap-view-default) .elementor-drop-cap{margin-top:8px}.elementor-widget-text-editor:not(.elementor-drop-cap-view-default) .elementor-drop-cap-letter{width:1em;height:1em}.elementor-widget-text-editor .elementor-drop-cap{float:left;text-align:center;line-height:1;font-size:50px}.elementor-widget-text-editor .elementor-drop-cap-letter{display:inline-block}<\/style>\t\t\t\t<p style=\"caret-color: #000000; color: #000000; margin-right: 0px; margin-bottom: 10px; margin-left: 0px; line-height: 28px;\"><strong style=\"font-weight: bold;\"><span style=\"font-size: 14pt;\">Imprint<\/span><\/strong><\/p><p style=\"caret-color: #000000; color: #000000; margin-right: 0px; margin-bottom: 10px; margin-left: 0px; line-height: 28px;\"><strong style=\"font-weight: bold;\">Angaben gem\u00e4\u00df \u00a7 5 TMG:<\/strong><br \/>FILM AND VOICE<br \/>Michael Borgard<br \/>Overbeckstra\u00dfe 67<br \/>50823 Cologne, Germany<\/p><p style=\"caret-color: #000000; color: #000000; margin-right: 0px; margin-bottom: 10px; margin-left: 0px; line-height: 28px;\">Kontakt:<br \/>E-Mail:\u00a0<span class=\"cloaked_email\">info@filmandvoice.com<\/span><\/p><p style=\"caret-color: #000000; color: #000000; margin-right: 0px; margin-bottom: 10px; margin-left: 0px; line-height: 28px;\">Umsatzsteuer:<br \/>Umsatzsteuer-Identifikationsnummer gem\u00e4\u00df \u00a727 a Umsatzsteuergesetz:<br \/>DE 276 908 277<\/p><p style=\"caret-color: #000000; color: #000000; margin-right: 0px; margin-bottom: 10px; margin-left: 0px; line-height: 28px;\"><strong style=\"font-weight: bold;\">Verantwortlich f\u00fcr den Inhalt nach \u00a7 55 Abs. 2 RStV:<\/strong><br \/>FILM AND VOICE<br \/>Michael Borgard<br \/>Overbeckstra\u00dfe 67<br \/>50823 Cologne, Germany<\/p><p style=\"caret-color: #000000; color: #000000; margin-right: 0px; margin-bottom: 10px; margin-left: 0px; line-height: 28px;\"><strong style=\"font-weight: bold;\">Streitschlichtung<\/strong><br \/>Die Europ\u00e4ische Kommission stellt eine Plattform zur Online-Streitbeilegung (OS) bereit:\u00a0<a style=\"color: #94c11c; transition: color 400ms ease 0s, background-color 400ms ease 0s;\" href=\"https:\/\/ec.europa.eu\/consumers\/odr\">https:\/\/ec.europa.eu\/consumers\/odr<\/a><\/p><p style=\"caret-color: #000000; color: #000000; margin-right: 0px; margin-bottom: 10px; margin-left: 0px; line-height: 28px;\">Unsere E-Mail-Adresse finden Sie oben im Impressum.<br \/>Wir sind nicht bereit oder verpflichtet, an Streitbeilegungsverfahren vor einer Verbraucherschlichtungsstelle teilzunehmen.<\/p><p style=\"caret-color: #000000; color: #000000; margin-right: 0px; margin-bottom: 10px; margin-left: 0px; line-height: 28px;\"><strong style=\"font-weight: bold;\">Haftung f\u00fcr Inhalte<\/strong><br \/>Als Diensteanbieter sind wir gem\u00e4\u00df \u00a7 7 Abs.1 TMG f\u00fcr eigene Inhalte auf diesen Seiten nach den allgemeinen Gesetzen verantwortlich. Nach \u00a7\u00a7 8 bis 10 TMG sind wir als Diensteanbieter jedoch nicht verpflichtet, \u00fcbermittelte oder gespeicherte fremde Informationen zu \u00fcberwachen oder nach Umst\u00e4nden zu forschen, die auf eine rechtswidrige T\u00e4tigkeit hinweisen.<\/p><p style=\"caret-color: #000000; color: #000000; margin-right: 0px; margin-bottom: 10px; margin-left: 0px; line-height: 28px;\">Verpflichtungen zur Entfernung oder Sperrung der Nutzung von Informationen nach den allgemeinen Gesetzen bleiben hiervon unber\u00fchrt. Eine diesbez\u00fcgliche Haftung ist jedoch erst ab dem Zeitpunkt der Kenntnis einer konkreten Rechtsverletzung m\u00f6glich. Bei Bekanntwerden von entsprechenden Rechtsverletzungen werden wir diese Inhalte umgehend entfernen.<\/p><p style=\"caret-color: #000000; color: #000000; margin-right: 0px; margin-bottom: 10px; margin-left: 0px; line-height: 28px;\"><strong style=\"font-weight: bold;\">Haftung f\u00fcr Links<\/strong><br \/>Unser Angebot enth\u00e4lt Links zu externen Websites Dritter, auf deren Inhalte wir keinen Einfluss haben. Deshalb k\u00f6nnen wir f\u00fcr diese fremden Inhalte auch keine Gew\u00e4hr \u00fcbernehmen. F\u00fcr die Inhalte der verlinkten Seiten ist stets der jeweilige Anbieter oder Betreiber der Seiten verantwortlich. Die verlinkten Seiten wurden zum Zeitpunkt der Verlinkung auf m\u00f6gliche Rechtsverst\u00f6\u00dfe \u00fcberpr\u00fcft. Rechtswidrige Inhalte waren zum Zeitpunkt der Verlinkung nicht erkennbar.<\/p><p style=\"caret-color: #000000; color: #000000; margin-right: 0px; margin-bottom: 10px; margin-left: 0px; line-height: 28px;\">Eine permanente inhaltliche Kontrolle der verlinkten Seiten ist jedoch ohne konkrete Anhaltspunkte einer Rechtsverletzung nicht zumutbar. Bei Bekanntwerden von Rechtsverletzungen werden wir derartige Links umgehend entfernen.<\/p><p style=\"caret-color: #000000; color: #000000; margin-right: 0px; margin-bottom: 10px; margin-left: 0px; line-height: 28px;\"><strong style=\"font-weight: bold;\">Urheberrecht<\/strong><br \/>Die durch die Seitenbetreiber erstellten Inhalte und Werke auf diesen Seiten unterliegen dem deutschen Urheberrecht. Die Vervielf\u00e4ltigung, Bearbeitung, Verbreitung und jede Art der Verwertung au\u00dferhalb der Grenzen des Urheberrechtes bed\u00fcrfen der schriftlichen Zustimmung des jeweiligen Autors bzw. Erstellers. Downloads und Kopien dieser Seite sind nur f\u00fcr den privaten, nicht kommerziellen Gebrauch gestattet.<\/p><p style=\"caret-color: #000000; color: #000000; margin-right: 0px; margin-bottom: 10px; margin-left: 0px; line-height: 28px;\">Soweit die Inhalte auf dieser Seite nicht vom Betreiber erstellt wurden, werden die Urheberrechte Dritter beachtet. Insbesondere werden Inhalte Dritter als solche gekennzeichnet. Sollten Sie trotzdem auf eine Urheberrechtsverletzung aufmerksam werden, bitten wir um einen entsprechenden Hinweis. Bei Bekanntwerden von Rechtsverletzungen werden wir derartige Inhalte umgehend entfernen.<\/p><hr style=\"caret-color: #000000; color: #000000; box-sizing: content-box; margin-top: 20px; margin-bottom: 20px; border-right-width: 0px; border-bottom-width: 0px; border-left-width: 0px; border-top-color: #eeeeee;\" \/><p style=\"caret-color: #000000; color: #000000; margin-right: 0px; margin-bottom: 10px; margin-left: 0px; line-height: 28px;\"><strong style=\"font-weight: bold;\"><span style=\"font-size: 14pt;\">Site Notice<\/span><\/strong><\/p><p style=\"caret-color: #000000; color: #000000; margin-right: 0px; margin-bottom: 10px; margin-left: 0px; line-height: 28px;\"><strong style=\"font-weight: bold;\">Information provided according to Sec. 5 German Telemedia Act (TMG):<\/strong><br \/>FILM AND VOICE<br \/>Michael Borgard<br \/>Overbeckstra\u00dfe 67<br \/>50823 Cologne, Germany<\/p><p style=\"caret-color: #000000; color: #000000; margin-right: 0px; margin-bottom: 10px; margin-left: 0px; line-height: 28px;\">Contact:<br \/>Email:\u00a0<span class=\"cloaked_email\">info@filmandvoice.com<\/span><\/p><p style=\"caret-color: #000000; color: #000000; margin-right: 0px; margin-bottom: 10px; margin-left: 0px; line-height: 28px;\">VAT:<br \/>VAT Id number according to Sec. 27 a German Value Added Tax Act:<br \/>DE276908277<\/p><p style=\"caret-color: #000000; color: #000000; margin-right: 0px; margin-bottom: 10px; margin-left: 0px; line-height: 28px;\"><strong style=\"font-weight: bold;\">Responsible for contents acc. to Sec. 55, para. 2 German Federal Broadcasting Agreement (RstV):<\/strong><br \/>FILM AND VOICE<br \/>Michael Borgard<br \/>Overbeckstra\u00dfe 67<br \/>50823 Cologne, Germany<\/p><p style=\"caret-color: #000000; color: #000000; margin-right: 0px; margin-bottom: 10px; margin-left: 0px; line-height: 28px;\"><strong style=\"font-weight: bold;\">Dispute resolution<\/strong><br \/>The European Commission provides a platform for online dispute resolution (OS):\u00a0<a style=\"color: #94c11c; transition: color 400ms ease 0s, background-color 400ms ease 0s;\" href=\"https:\/\/ec.europa.eu\/consumers\/odr\">https:\/\/ec.europa.eu\/consumers\/odr<\/a><br \/>Please find our email in the impressum\/legal notice.<br \/>We do not take part in online dispute resolutions at consumer arbitration boards.<\/p><p style=\"caret-color: #000000; color: #000000; margin-right: 0px; margin-bottom: 10px; margin-left: 0px; line-height: 28px;\"><strong style=\"font-weight: bold;\">Liability for Contents<\/strong><br \/>As service providers, we are liable for own contents of these websites according to Sec. 7, paragraph 1 German Telemedia Act (TMG). However, according to Sec. 8 to 10 German Telemedia Act (TMG), service providers are not obligated to permanently monitor submitted or stored information or to search for evidences that indicate illegal activities.<\/p><p style=\"caret-color: #000000; color: #000000; margin-right: 0px; margin-bottom: 10px; margin-left: 0px; line-height: 28px;\">Legal obligations to removing information or to blocking the use of information remain unchallenged. In this case, liability is only possible at the time of knowledge about a specific violation of law. Illegal contents will be removed immediately at the time we get knowledge of them.<\/p><p style=\"caret-color: #000000; color: #000000; margin-right: 0px; margin-bottom: 10px; margin-left: 0px; line-height: 28px;\"><strong style=\"font-weight: bold;\">Liability for Links<\/strong><br \/>Our offer includes links to external third party websites. We have no influence on the contents of those websites, therefore we cannot guarantee for those contents. Providers or administrators of linked websites are always responsible for their own contents.<br \/>The linked websites had been checked for possible violations of law at the time of the establishment of the link. Illegal contents were not detected at the time of the linking. A permanent monitoring of the contents of linked websites cannot be imposed without reasonable indications that there has been a violation of law. Illegal links will be removed immediately at the time we get knowledge of them.<\/p><p style=\"caret-color: #000000; color: #000000; margin-right: 0px; margin-bottom: 10px; margin-left: 0px; line-height: 28px;\"><strong style=\"font-weight: bold;\">Copyright<\/strong><br \/>Contents and compilations published on these websites by the providers are subject to German copyright laws. Reproduction, editing, distribution as well as the use of any kind outside the scope of the copyright law require a written permission of the author or originator. Downloads and copies of these websites are permitted for private use only.<br \/>The commercial use of our contents without permission of the originator is prohibited.<br \/>Copyright laws of third parties are respected as long as the contents on these websites do not originate from the provider. Contributions of third parties on this site are indicated as such. However, if you notice any violations of copyright law, please inform us. Such contents will be removed immediately.<\/p>\t\t\t\t\t\t<\/div>\n\t\t\t\t<\/div>\n\t\t\t\t\t<\/div>\n\t\t<\/div>\n\t\t\t\t\t\t\t<\/div>\n\t\t<\/section>\n\t\t\t\t\t\t\t<\/div>","protected":false},"excerpt":{"rendered":"<p>Impressum Angaben gem\u00e4\u00df \u00a7 5 TMG:FILM AND VOICEMichael BorgardOverbeckstra\u00dfe 6750823 K\u00f6ln Kontakt:E-Mail:\u00a0info@filmandvoice.com Umsatzsteuer:Umsatzsteuer-Identifikationsnummer gem\u00e4\u00df \u00a727 a Umsatzsteuergesetz:DE 276 908 277 Verantwortlich f\u00fcr den Inhalt nach \u00a7 55 Abs. 2 RStV:FILM AND VOICEMichael BorgardOverbeckstra\u00dfe 6750823 K\u00f6ln StreitschlichtungDie Europ\u00e4ische Kommission stellt eine Plattform zur Online-Streitbeilegung (OS) bereit:\u00a0https:\/\/ec.europa.eu\/consumers\/odr Unsere E-Mail-Adresse finden Sie oben im Impressum.Wir sind nicht bereit [&hellip;]<\/p>","protected":false},"author":2,"featured_media":0,"parent":0,"menu_order":0,"comment_status":"closed","ping_status":"closed","template":"","meta":{"footnotes":""},"class_list":["post-230","page","type-page","status-publish","hentry"],"yoast_head":"<!-- This site is optimized with the Yoast SEO plugin v21.3 - https:\/\/yoast.com\/wordpress\/plugins\/seo\/ -->\n<title>Impressum - Film and Voice<\/title>\n<meta name=\"robots\" content=\"index, follow, max-snippet:-1, max-image-preview:large, max-video-preview:-1\" \/>\n<link rel=\"canonical\" href=\"https:\/\/www.filmandvoice.com\/en\/impressum\/\" \/>\n<meta property=\"og:locale\" content=\"en_US\" \/>\n<meta property=\"og:type\" content=\"article\" \/>\n<meta property=\"og:title\" content=\"Impressum - Film and Voice\" \/>\n<meta property=\"og:description\" content=\"Impressum Angaben gem\u00e4\u00df \u00a7 5 TMG:FILM AND VOICEMichael BorgardOverbeckstra\u00dfe 6750823 K\u00f6ln Kontakt:E-Mail:\u00a0info@filmandvoice.com Umsatzsteuer:Umsatzsteuer-Identifikationsnummer gem\u00e4\u00df \u00a727 a Umsatzsteuergesetz:DE 276 908 277 Verantwortlich f\u00fcr den Inhalt nach \u00a7 55 Abs. 2 RStV:FILM AND VOICEMichael BorgardOverbeckstra\u00dfe 6750823 K\u00f6ln StreitschlichtungDie Europ\u00e4ische Kommission stellt eine Plattform zur Online-Streitbeilegung (OS) bereit:\u00a0https:\/\/ec.europa.eu\/consumers\/odr Unsere E-Mail-Adresse finden Sie oben im Impressum.Wir sind nicht bereit [&hellip;]\" \/>\n<meta property=\"og:url\" content=\"https:\/\/www.filmandvoice.com\/en\/impressum\/\" \/>\n<meta property=\"og:site_name\" content=\"Film and Voice\" \/>\n<meta property=\"article:modified_time\" content=\"2023-10-23T11:45:24+00:00\" \/>\n<meta name=\"twitter:card\" content=\"summary_large_image\" \/>\n<meta name=\"twitter:label1\" content=\"Est. reading time\" \/>\n\t<meta name=\"twitter:data1\" content=\"5 minutes\" \/>\n<script type=\"application\/ld+json\" class=\"yoast-schema-graph\">{\"@context\":\"https:\/\/schema.org\",\"@graph\":[{\"@type\":\"WebPage\",\"@id\":\"https:\/\/www.filmandvoice.com\/impressum\",\"url\":\"https:\/\/www.filmandvoice.com\/impressum\",\"name\":\"Impressum - Film and Voice\",\"isPartOf\":{\"@id\":\"https:\/\/www.filmandvoice.com\/#website\"},\"datePublished\":\"2023-05-02T12:50:06+00:00\",\"dateModified\":\"2023-10-23T11:45:24+00:00\",\"breadcrumb\":{\"@id\":\"https:\/\/www.filmandvoice.com\/impressum#breadcrumb\"},\"inLanguage\":\"en-US\",\"potentialAction\":[{\"@type\":\"ReadAction\",\"target\":[\"https:\/\/www.filmandvoice.com\/impressum\"]}]},{\"@type\":\"BreadcrumbList\",\"@id\":\"https:\/\/www.filmandvoice.com\/impressum#breadcrumb\",\"itemListElement\":[{\"@type\":\"ListItem\",\"position\":1,\"name\":\"Startseite\",\"item\":\"https:\/\/www.filmandvoice.com\/\"},{\"@type\":\"ListItem\",\"position\":2,\"name\":\"Impressum\"}]},{\"@type\":\"WebSite\",\"@id\":\"https:\/\/www.filmandvoice.com\/#website\",\"url\":\"https:\/\/www.filmandvoice.com\/\",\"name\":\"Film and Voice\",\"description\":\"\",\"publisher\":{\"@id\":\"https:\/\/www.filmandvoice.com\/#organization\"},\"potentialAction\":[{\"@type\":\"SearchAction\",\"target\":{\"@type\":\"EntryPoint\",\"urlTemplate\":\"https:\/\/www.filmandvoice.com\/?s={search_term_string}\"},\"query-input\":\"required name=search_term_string\"}],\"inLanguage\":\"en-US\"},{\"@type\":\"Organization\",\"@id\":\"https:\/\/www.filmandvoice.com\/#organization\",\"name\":\"Film and Voice\",\"url\":\"https:\/\/www.filmandvoice.com\/\",\"logo\":{\"@type\":\"ImageObject\",\"inLanguage\":\"en-US\",\"@id\":\"https:\/\/www.filmandvoice.com\/#\/schema\/logo\/image\/\",\"url\":\"https:\/\/www.filmandvoice.com\/wp-content\/uploads\/2023\/04\/film-and-voice_logo.png\",\"contentUrl\":\"https:\/\/www.filmandvoice.com\/wp-content\/uploads\/2023\/04\/film-and-voice_logo.png\",\"width\":862,\"height\":156,\"caption\":\"Film and Voice\"},\"image\":{\"@id\":\"https:\/\/www.filmandvoice.com\/#\/schema\/logo\/image\/\"}}]}<\/script>\n<!-- \/ Yoast SEO plugin. -->","yoast_head_json":{"title":"Impressum - Film and Voice","robots":{"index":"index","follow":"follow","max-snippet":"max-snippet:-1","max-image-preview":"max-image-preview:large","max-video-preview":"max-video-preview:-1"},"canonical":"https:\/\/www.filmandvoice.com\/en\/impressum\/","og_locale":"en_US","og_type":"article","og_title":"Impressum - Film and Voice","og_description":"Impressum Angaben gem\u00e4\u00df \u00a7 5 TMG:FILM AND VOICEMichael BorgardOverbeckstra\u00dfe 6750823 K\u00f6ln Kontakt:E-Mail:\u00a0info@filmandvoice.com Umsatzsteuer:Umsatzsteuer-Identifikationsnummer gem\u00e4\u00df \u00a727 a Umsatzsteuergesetz:DE 276 908 277 Verantwortlich f\u00fcr den Inhalt nach \u00a7 55 Abs. 2 RStV:FILM AND VOICEMichael BorgardOverbeckstra\u00dfe 6750823 K\u00f6ln StreitschlichtungDie Europ\u00e4ische Kommission stellt eine Plattform zur Online-Streitbeilegung (OS) bereit:\u00a0https:\/\/ec.europa.eu\/consumers\/odr Unsere E-Mail-Adresse finden Sie oben im Impressum.Wir sind nicht bereit [&hellip;]","og_url":"https:\/\/www.filmandvoice.com\/en\/impressum\/","og_site_name":"Film and Voice","article_modified_time":"2023-10-23T11:45:24+00:00","twitter_card":"summary_large_image","twitter_misc":{"Est. reading time":"5 minutes"},"schema":{"@context":"https:\/\/schema.org","@graph":[{"@type":"WebPage","@id":"https:\/\/www.filmandvoice.com\/impressum","url":"https:\/\/www.filmandvoice.com\/impressum","name":"Impressum - Film and Voice","isPartOf":{"@id":"https:\/\/www.filmandvoice.com\/#website"},"datePublished":"2023-05-02T12:50:06+00:00","dateModified":"2023-10-23T11:45:24+00:00","breadcrumb":{"@id":"https:\/\/www.filmandvoice.com\/impressum#breadcrumb"},"inLanguage":"en-US","potentialAction":[{"@type":"ReadAction","target":["https:\/\/www.filmandvoice.com\/impressum"]}]},{"@type":"BreadcrumbList","@id":"https:\/\/www.filmandvoice.com\/impressum#breadcrumb","itemListElement":[{"@type":"ListItem","position":1,"name":"Startseite","item":"https:\/\/www.filmandvoice.com\/"},{"@type":"ListItem","position":2,"name":"Impressum"}]},{"@type":"WebSite","@id":"https:\/\/www.filmandvoice.com\/#website","url":"https:\/\/www.filmandvoice.com\/","name":"Film and Voice","description":"","publisher":{"@id":"https:\/\/www.filmandvoice.com\/#organization"},"potentialAction":[{"@type":"SearchAction","target":{"@type":"EntryPoint","urlTemplate":"https:\/\/www.filmandvoice.com\/?s={search_term_string}"},"query-input":"required name=search_term_string"}],"inLanguage":"en-US"},{"@type":"Organization","@id":"https:\/\/www.filmandvoice.com\/#organization","name":"Film and Voice","url":"https:\/\/www.filmandvoice.com\/","logo":{"@type":"ImageObject","inLanguage":"en-US","@id":"https:\/\/www.filmandvoice.com\/#\/schema\/logo\/image\/","url":"https:\/\/www.filmandvoice.com\/wp-content\/uploads\/2023\/04\/film-and-voice_logo.png","contentUrl":"https:\/\/www.filmandvoice.com\/wp-content\/uploads\/2023\/04\/film-and-voice_logo.png","width":862,"height":156,"caption":"Film and Voice"},"image":{"@id":"https:\/\/www.filmandvoice.com\/#\/schema\/logo\/image\/"}}]}},"_links":{"self":[{"href":"https:\/\/www.filmandvoice.com\/en\/wp-json\/wp\/v2\/pages\/230","targetHints":{"allow":["GET"]}}],"collection":[{"href":"https:\/\/www.filmandvoice.com\/en\/wp-json\/wp\/v2\/pages"}],"about":[{"href":"https:\/\/www.filmandvoice.com\/en\/wp-json\/wp\/v2\/types\/page"}],"author":[{"embeddable":true,"href":"https:\/\/www.filmandvoice.com\/en\/wp-json\/wp\/v2\/users\/2"}],"replies":[{"embeddable":true,"href":"https:\/\/www.filmandvoice.com\/en\/wp-json\/wp\/v2\/comments?post=230"}],"version-history":[{"count":13,"href":"https:\/\/www.filmandvoice.com\/en\/wp-json\/wp\/v2\/pages\/230\/revisions"}],"predecessor-version":[{"id":1094,"href":"https:\/\/www.filmandvoice.com\/en\/wp-json\/wp\/v2\/pages\/230\/revisions\/1094"}],"wp:attachment":[{"href":"https:\/\/www.filmandvoice.com\/en\/wp-json\/wp\/v2\/media?parent=230"}],"curies":[{"name":"wp","href":"https:\/\/api.w.org\/{rel}","templated":true}]}}